{"id":13210,"date":"2024-07-11T16:11:46","date_gmt":"2024-07-11T19:11:46","guid":{"rendered":"https:\/\/www.rassini-nhk.com.br\/feixe-de-molas\/?page_id=13210"},"modified":"2026-03-13T08:08:12","modified_gmt":"2026-03-13T11:08:12","slug":"j-mb2614-fx","status":"publish","type":"page","link":"https:\/\/www.rassini-nhk.com.br\/feixe-de-molas\/j-mb2614-fx\/","title":{"rendered":"J-MB2614-FX"},"content":{"rendered":"<p>>>>>>caractersticascompleta>>\tFeixe c\/ 2 l\u00e2minas parab\u00f3licas e 1 l\u00e2mina auxiliar (Bitola &#8211; Comprimento 740   x   750)<\/p>\n","protected":false},"excerpt":{"rendered":"<p>>>>>>caractersticascompleta>> Feixe c\/ 2 l\u00e2minas parab\u00f3licas e 1 l\u00e2mina auxiliar (Bitola &#8211; Comprimento 740 x 750)<\/p>\n","protected":false},"author":3,"featured_media":13220,"parent":0,"menu_order":0,"comment_status":"closed","ping_status":"closed","template":"","meta":[],"_links":{"self":[{"href":"https:\/\/www.rassini-nhk.com.br\/feixe-de-molas\/wp-json\/wp\/v2\/pages\/13210"}],"collection":[{"href":"https:\/\/www.rassini-nhk.com.br\/feixe-de-molas\/wp-json\/wp\/v2\/pages"}],"about":[{"href":"https:\/\/www.rassini-nhk.com.br\/feixe-de-molas\/wp-json\/wp\/v2\/types\/page"}],"author":[{"embeddable":true,"href":"https:\/\/www.rassini-nhk.com.br\/feixe-de-molas\/wp-json\/wp\/v2\/users\/3"}],"replies":[{"embeddable":true,"href":"https:\/\/www.rassini-nhk.com.br\/feixe-de-molas\/wp-json\/wp\/v2\/comments?post=13210"}],"version-history":[{"count":4,"href":"https:\/\/www.rassini-nhk.com.br\/feixe-de-molas\/wp-json\/wp\/v2\/pages\/13210\/revisions"}],"predecessor-version":[{"id":13663,"href":"https:\/\/www.rassini-nhk.com.br\/feixe-de-molas\/wp-json\/wp\/v2\/pages\/13210\/revisions\/13663"}],"wp:featuredmedia":[{"embeddable":true,"href":"https:\/\/www.rassini-nhk.com.br\/feixe-de-molas\/wp-json\/wp\/v2\/media\/13220"}],"wp:attachment":[{"href":"https:\/\/www.rassini-nhk.com.br\/feixe-de-molas\/wp-json\/wp\/v2\/media?parent=13210"}],"curies":[{"name":"wp","href":"https:\/\/api.w.org\/{rel}","templated":true}]}}